{"id":56,"date":"2018-02-28T05:36:30","date_gmt":"2018-02-28T04:36:30","guid":{"rendered":"http:\/\/nyga.dennisschaefer.de\/?page_id=56"},"modified":"2024-05-21T14:20:57","modified_gmt":"2024-05-21T12:20:57","slug":"geschichte","status":"publish","type":"page","link":"https:\/\/www.autohaus-nyga.de\/?page_id=56","title":{"rendered":"Geschichte"},"content":{"rendered":"<p><strong>Die wilden Siebziger&#8230;<\/strong> oder auch Jahrzehnt, indem Erfolg in M\u00fclheim an der Ruhr einen Namen bekam:<\/p>\n<p><a href=\"\/wp-content\/uploads\/2018\/04\/foto-20.04.18-22-53-12-e1524262239524.jpg\"><img loading=\"lazy\" decoding=\"async\" class=\"alignleft size-medium wp-image-76\" src=\"\/wp-content\/uploads\/2018\/04\/foto-20.04.18-22-53-12-e1524262239524-300x224.jpg\" alt=\"\" width=\"300\" height=\"224\" srcset=\"https:\/\/www.autohaus-nyga.de\/wp-content\/uploads\/2018\/04\/foto-20.04.18-22-53-12-e1524262239524-300x224.jpg 300w, https:\/\/www.autohaus-nyga.de\/wp-content\/uploads\/2018\/04\/foto-20.04.18-22-53-12-e1524262239524-768x572.jpg 768w, https:\/\/www.autohaus-nyga.de\/wp-content\/uploads\/2018\/04\/foto-20.04.18-22-53-12-e1524262239524-1024x763.jpg 1024w, https:\/\/www.autohaus-nyga.de\/wp-content\/uploads\/2018\/04\/foto-20.04.18-22-53-12-e1524262239524-678x509.jpg 678w, https:\/\/www.autohaus-nyga.de\/wp-content\/uploads\/2018\/04\/foto-20.04.18-22-53-12-e1524262239524-326x245.jpg 326w, https:\/\/www.autohaus-nyga.de\/wp-content\/uploads\/2018\/04\/foto-20.04.18-22-53-12-e1524262239524-80x60.jpg 80w\" sizes=\"(max-width: 300px) 100vw, 300px\" \/><\/a>Firmengr\u00fcnder Peter Paul Nyga gr\u00fcndete die Firma Autohaus Nyga e.K. mit seinem ersten Firmensitz in der Seilerstra\u00dfe in M\u00fclheim an der Ruhr und machte sich seither \u00fcber Jahrzehnte mit seinem Betrieb\u00a0einen Namen sowohl bei Privatkunden als auch bei Lieferanten und Gro\u00dfh\u00e4ndlern.<\/p>\n<p>In den durchgehend erfolgreichen Gesch\u00e4ftsjahren wuchs das Team auf bis zu 10 Mitarbeitern heran, die mit viel Flei\u00df und Herzblut dem Anspruch des Kunden in vollem Umfang gerecht wurden.<\/p>\n<p>Mit dem <strong>Umzug in die Scheffelstra\u00dfe<\/strong> (ebenfalls in M\u00fclheim an der Ruhr) begann\u00a0<strong>2002 ein neuer Abschnitt in der Unternehmensgeschichte.<\/strong> Der Firmensitz, der n\u00e4her in Richtung Innenstadt r\u00fcckte, war fortan an einer gut befahrenen Stra\u00dfe noch einfacher und besser zu finden. Der Umzug brachte weitere gute und langj\u00e4hrige Kunden, die dazu verhalfen, dass sich das Unternehmen stetig weiterentwickeln konnte.<\/p>\n<p><a href=\"https:\/\/www.autohaus-nyga.de\/wp-content\/uploads\/2018\/05\/DSC_0021_bearbeitet.jpg\"><img loading=\"lazy\" decoding=\"async\" class=\"size-medium wp-image-199 alignright\" src=\"https:\/\/www.autohaus-nyga.de\/wp-content\/uploads\/2018\/05\/DSC_0021_bearbeitet-300x188.jpg\" alt=\"\" width=\"300\" height=\"188\" srcset=\"https:\/\/www.autohaus-nyga.de\/wp-content\/uploads\/2018\/05\/DSC_0021_bearbeitet-300x188.jpg 300w, https:\/\/www.autohaus-nyga.de\/wp-content\/uploads\/2018\/05\/DSC_0021_bearbeitet-768x480.jpg 768w, https:\/\/www.autohaus-nyga.de\/wp-content\/uploads\/2018\/05\/DSC_0021_bearbeitet-1024x640.jpg 1024w\" sizes=\"(max-width: 300px) 100vw, 300px\" \/><\/a>Im Februar 2018 verstarb Peter Paul Nyga, weshalb sein langj\u00e4hriges Team unter Natalia Sitarz, Sebastian Sch\u00e4fer und Kirsten Guthardt das Unternehmen \u00a0mit einer neuen Firmierung als <strong>Autohaus Nyga Team GmbH<\/strong>\u00a0\u00fcbernahm und bis heute erfolgreich\u00a0fortf\u00fchrt.<\/p>\n<p>&nbsp;<\/p>\n<p>&nbsp;<\/p>\n<p>&nbsp;<\/p>\n<p>&nbsp;<\/p>\n<p>&nbsp;<\/p>\n<p><strong>Sehen Sie ein paar Impressionen des Unternehmens:<\/strong><\/p>\n<p><strong>Werkstatt in der Seilerstra\u00dfe (1980)<\/strong><\/p>\n<p><a href=\"https:\/\/www.autohaus-nyga.de\/wp-content\/uploads\/2018\/05\/Foto-12.05.18-12-21-01.jpg\"><img loading=\"lazy\" decoding=\"async\" class=\"alignleft size-thumbnail wp-image-155\" src=\"https:\/\/www.autohaus-nyga.de\/wp-content\/uploads\/2018\/05\/Foto-12.05.18-12-21-01-150x150.jpg\" alt=\"\" width=\"150\" height=\"150\" \/><\/a> <a href=\"https:\/\/www.autohaus-nyga.de\/wp-content\/uploads\/2018\/05\/Foto-12.05.18-12-21-15.jpg\"><img loading=\"lazy\" decoding=\"async\" class=\"alignleft size-thumbnail wp-image-156\" src=\"https:\/\/www.autohaus-nyga.de\/wp-content\/uploads\/2018\/05\/Foto-12.05.18-12-21-15-150x150.jpg\" alt=\"\" width=\"150\" height=\"150\" \/><\/a> <a href=\"https:\/\/www.autohaus-nyga.de\/wp-content\/uploads\/2018\/05\/Foto-12.05.18-12-22-16.jpg\"><img loading=\"lazy\" decoding=\"async\" class=\"alignleft size-thumbnail wp-image-162\" src=\"https:\/\/www.autohaus-nyga.de\/wp-content\/uploads\/2018\/05\/Foto-12.05.18-12-22-16-150x150.jpg\" alt=\"\" width=\"150\" height=\"150\" \/><\/a><\/p>\n<p>&nbsp;<\/p>\n<p>&nbsp;<\/p>\n<p>&nbsp;<\/p>\n<p>&nbsp;<\/p>\n<p>&nbsp;<\/p>\n<p><strong>Verkaufshalle Seilerstra\u00dfe (1980)<\/strong><\/p>\n<p><a href=\"https:\/\/www.autohaus-nyga.de\/wp-content\/uploads\/2018\/05\/Foto-12.05.18-12-22-23.jpg\"><img loading=\"lazy\" decoding=\"async\" class=\"alignleft size-thumbnail wp-image-163\" src=\"https:\/\/www.autohaus-nyga.de\/wp-content\/uploads\/2018\/05\/Foto-12.05.18-12-22-23-150x150.jpg\" alt=\"\" width=\"150\" height=\"150\" \/><\/a> <a href=\"https:\/\/www.autohaus-nyga.de\/wp-content\/uploads\/2018\/05\/Foto-12.05.18-12-20-52.jpg\"><img loading=\"lazy\" decoding=\"async\" class=\"alignleft size-thumbnail wp-image-154\" src=\"https:\/\/www.autohaus-nyga.de\/wp-content\/uploads\/2018\/05\/Foto-12.05.18-12-20-52-150x150.jpg\" alt=\"\" width=\"150\" height=\"150\" \/><\/a> <a href=\"https:\/\/www.autohaus-nyga.de\/wp-content\/uploads\/2018\/05\/Foto-12.05.18-12-21-30.jpg\"><img loading=\"lazy\" decoding=\"async\" class=\"alignleft size-thumbnail wp-image-157\" src=\"https:\/\/www.autohaus-nyga.de\/wp-content\/uploads\/2018\/05\/Foto-12.05.18-12-21-30-150x150.jpg\" alt=\"\" width=\"150\" height=\"150\" \/><\/a><\/p>\n<p>&nbsp;<\/p>\n<p>&nbsp;<\/p>\n<p>&nbsp;<\/p>\n<p>&nbsp;<\/p>\n<p>&nbsp;<\/p>\n<p><strong>Abrissarbeiten Seilerstra\u00dfe (2002)<\/strong><\/p>\n<p><a href=\"https:\/\/www.autohaus-nyga.de\/wp-content\/uploads\/2018\/05\/Foto-12.05.18-12-22-40.jpg\"><img loading=\"lazy\" decoding=\"async\" class=\"alignleft size-thumbnail wp-image-165\" src=\"https:\/\/www.autohaus-nyga.de\/wp-content\/uploads\/2018\/05\/Foto-12.05.18-12-22-40-150x150.jpg\" alt=\"\" width=\"150\" height=\"150\" \/><\/a><\/p>\n<p>&nbsp;<\/p>\n<p>&nbsp;<\/p>\n<p>&nbsp;<\/p>\n<p>&nbsp;<\/p>\n<p>&nbsp;<\/p>\n<p><strong>Einzug und Sanierarbeiten in der Scheffelstra\u00dfe (2002)<\/strong><\/p>\n<p><a href=\"https:\/\/www.autohaus-nyga.de\/wp-content\/uploads\/2018\/05\/Foto-12.05.18-12-22-07.jpg\"><img loading=\"lazy\" decoding=\"async\" class=\"alignleft size-thumbnail wp-image-161\" src=\"https:\/\/www.autohaus-nyga.de\/wp-content\/uploads\/2018\/05\/Foto-12.05.18-12-22-07-150x150.jpg\" alt=\"\" width=\"150\" height=\"150\" \/><\/a> <a href=\"https:\/\/www.autohaus-nyga.de\/wp-content\/uploads\/2018\/05\/Foto-12.05.18-12-21-58.jpg\"><img loading=\"lazy\" decoding=\"async\" class=\"alignleft size-thumbnail wp-image-160\" src=\"https:\/\/www.autohaus-nyga.de\/wp-content\/uploads\/2018\/05\/Foto-12.05.18-12-21-58-150x150.jpg\" alt=\"\" width=\"150\" height=\"150\" \/><\/a> <a href=\"https:\/\/www.autohaus-nyga.de\/wp-content\/uploads\/2018\/05\/Foto-12.05.18-12-23-22.jpg\"><img loading=\"lazy\" decoding=\"async\" class=\"alignleft size-thumbnail wp-image-168\" src=\"https:\/\/www.autohaus-nyga.de\/wp-content\/uploads\/2018\/05\/Foto-12.05.18-12-23-22-150x150.jpg\" alt=\"\" width=\"150\" height=\"150\" \/><\/a> <a href=\"https:\/\/www.autohaus-nyga.de\/wp-content\/uploads\/2018\/05\/Foto-12.05.18-12-22-59.jpg\"><img loading=\"lazy\" decoding=\"async\" class=\"alignleft size-thumbnail wp-image-167\" src=\"https:\/\/www.autohaus-nyga.de\/wp-content\/uploads\/2018\/05\/Foto-12.05.18-12-22-59-150x150.jpg\" alt=\"\" width=\"150\" height=\"150\" \/><\/a> <a href=\"https:\/\/www.autohaus-nyga.de\/wp-content\/uploads\/2018\/05\/Foto-12.05.18-12-22-50.jpg\"><img loading=\"lazy\" decoding=\"async\" class=\"alignleft size-thumbnail wp-image-166\" src=\"https:\/\/www.autohaus-nyga.de\/wp-content\/uploads\/2018\/05\/Foto-12.05.18-12-22-50-150x150.jpg\" alt=\"\" width=\"150\" height=\"150\" \/><\/a><\/p>\n<p>&nbsp;<\/p>\n<p>&nbsp;<\/p>\n<p>&nbsp;<\/p>\n<p>&nbsp;<\/p>\n<p>&nbsp;<\/p>\n<p>&nbsp;<\/p>\n<p>&nbsp;<\/p>\n<p>&nbsp;<\/p>\n<p>&nbsp;<\/p>\n<p>&nbsp;<\/p>\n<p><strong>Die neuen R\u00e4umlichkeiten in der Scheffelstra\u00dfe (2002)<\/strong><\/p>\n<p><a href=\"https:\/\/www.autohaus-nyga.de\/wp-content\/uploads\/2018\/05\/DSC_0093.jpg\"><img loading=\"lazy\" decoding=\"async\" class=\"alignleft size-thumbnail wp-image-178\" src=\"https:\/\/www.autohaus-nyga.de\/wp-content\/uploads\/2018\/05\/DSC_0093-150x150.jpg\" alt=\"\" width=\"150\" height=\"150\" \/><\/a> <a href=\"https:\/\/www.autohaus-nyga.de\/wp-content\/uploads\/2018\/05\/DSC_0084.jpg\"><img loading=\"lazy\" decoding=\"async\" class=\"alignleft size-thumbnail wp-image-177\" src=\"https:\/\/www.autohaus-nyga.de\/wp-content\/uploads\/2018\/05\/DSC_0084-150x150.jpg\" alt=\"\" width=\"150\" height=\"150\" \/><\/a> <a href=\"https:\/\/www.autohaus-nyga.de\/wp-content\/uploads\/2018\/05\/DSC_0075.jpg\"><img loading=\"lazy\" decoding=\"async\" class=\"alignleft size-thumbnail wp-image-175\" src=\"https:\/\/www.autohaus-nyga.de\/wp-content\/uploads\/2018\/05\/DSC_0075-150x150.jpg\" alt=\"\" width=\"150\" height=\"150\" \/><\/a> <a href=\"https:\/\/www.autohaus-nyga.de\/wp-content\/uploads\/2018\/05\/IMG_0938.jpg\"><img loading=\"lazy\" decoding=\"async\" class=\"alignleft size-thumbnail wp-image-170\" src=\"https:\/\/www.autohaus-nyga.de\/wp-content\/uploads\/2018\/05\/IMG_0938-150x150.jpg\" alt=\"\" width=\"150\" height=\"150\" \/><\/a><\/p>\n<p>&nbsp;<\/p>\n<p>&nbsp;<\/p>\n<p>&nbsp;<\/p>\n","protected":false},"excerpt":{"rendered":"<div class=\"mh-excerpt\"><p>Die wilden Siebziger&#8230; oder auch Jahrzehnt, indem Erfolg in M\u00fclheim an der Ruhr einen Namen bekam: Firmengr\u00fcnder Peter Paul Nyga gr\u00fcndete die Firma Autohaus Nyga <a class=\"mh-excerpt-more\" href=\"https:\/\/www.autohaus-nyga.de\/?page_id=56\" title=\"Geschichte\">[&#8230;]<\/a><\/p>\n<\/div>","protected":false},"author":1,"featured_media":0,"parent":0,"menu_order":0,"comment_status":"closed","ping_status":"closed","template":"","meta":{"footnotes":""},"aioseo_notices":[],"_links":{"self":[{"href":"https:\/\/www.autohaus-nyga.de\/index.php?rest_route=\/wp\/v2\/pages\/56"}],"collection":[{"href":"https:\/\/www.autohaus-nyga.de\/index.php?rest_route=\/wp\/v2\/pages"}],"about":[{"href":"https:\/\/www.autohaus-nyga.de\/index.php?rest_route=\/wp\/v2\/types\/page"}],"author":[{"embeddable":true,"href":"https:\/\/www.autohaus-nyga.de\/index.php?rest_route=\/wp\/v2\/users\/1"}],"replies":[{"embeddable":true,"href":"https:\/\/www.autohaus-nyga.de\/index.php?rest_route=%2Fwp%2Fv2%2Fcomments&post=56"}],"version-history":[{"count":23,"href":"https:\/\/www.autohaus-nyga.de\/index.php?rest_route=\/wp\/v2\/pages\/56\/revisions"}],"predecessor-version":[{"id":301,"href":"https:\/\/www.autohaus-nyga.de\/index.php?rest_route=\/wp\/v2\/pages\/56\/revisions\/301"}],"wp:attachment":[{"href":"https:\/\/www.autohaus-nyga.de\/index.php?rest_route=%2Fwp%2Fv2%2Fmedia&parent=56"}],"curies":[{"name":"wp","href":"https:\/\/api.w.org\/{rel}","templated":true}]}}