{"id":11,"date":"2017-12-13T06:10:28","date_gmt":"2017-12-13T05:10:28","guid":{"rendered":"http:\/\/nyga.dennisschaefer.de\/?page_id=11"},"modified":"2024-08-03T09:48:48","modified_gmt":"2024-08-03T07:48:48","slug":"willkommen-im-autohaus-nyga-der-profi-an-ihrer-seite","status":"publish","type":"page","link":"https:\/\/www.autohaus-nyga.de\/","title":{"rendered":"Willkommen beim Autohaus Nyga Team!"},"content":{"rendered":"<p style=\"text-align: left;\"><strong>Herzlich Willkommen!<\/strong><\/p>\n<p>Autohaus Nyga ist seit \u00fcber 40 Jahren Ihr Autohaus f\u00fcr die Marken Renault und Dacia und Weitere in M\u00fclheim an der Ruhr.<\/p>\n<p style=\"padding-left: 40px;\">Wir sind davon \u00fcberzeugt, dass bei uns das richtige Auto f\u00fcr Sie dabei ist. Sie suchen Ihren Traum von Auto als <a href=\"https:\/\/www.autohaus-nyga.de\/?page_id=16\"><strong>Gebrauchtfahrzeug?<\/strong><\/a> &#8211; wir erf\u00fcllen Ihnen Ihren <a href=\"\/unsere-angebote-fuer-sie\/\"><strong>Traum vom Auto<\/strong><\/a>.<\/p>\n<p>Unsere <a href=\"https:\/\/www.autohaus-nyga.de\/?page_id=27\"><strong>auf Sie angestimmten Serviceleistungen<\/strong><\/a> runden neben der <a href=\"\/kontakt\/\"><strong>professionellen und kompetenten Beratung<\/strong><\/a> unser Komplettpaket ab und garantieren Ihnen <a href=\"https:\/\/g.co\/kgs\/RLr6ft\" target=\"_blank\" rel=\"noopener noreferrer\"><strong>h\u00f6chste Zufriedenheit<\/strong><\/a>.<\/p>\n<h2>Wir beraten Sie gerne \u2013 sprechen Sie uns einfach an!<\/h2>\n<p>Die Mitarbeiter vom Autohaus Nyga freuen sich auf Ihren Besuch bei uns im Dichterviertel in M\u00fclheim an der Ruhr!<\/p>\n<p><b>Bei uns wird SERVICE gro\u00df geschrieben:<\/b><\/p>\n<p class=\"handwritten\">Einfach guter Service &#8211; Einfach ein Auto kaufen<\/p>\n","protected":false},"excerpt":{"rendered":"<div class=\"mh-excerpt\"><p>Herzlich Willkommen! Autohaus Nyga ist seit \u00fcber 40 Jahren Ihr Autohaus f\u00fcr die Marken Renault und Dacia und Weitere in M\u00fclheim an der Ruhr. Wir <a class=\"mh-excerpt-more\" href=\"https:\/\/www.autohaus-nyga.de\/\" title=\"Willkommen beim Autohaus Nyga Team!\">[&#8230;]<\/a><\/p>\n<\/div>","protected":false},"author":1,"featured_media":0,"parent":0,"menu_order":0,"comment_status":"closed","ping_status":"closed","template":"","meta":{"footnotes":""},"aioseo_notices":[],"_links":{"self":[{"href":"https:\/\/www.autohaus-nyga.de\/index.php?rest_route=\/wp\/v2\/pages\/11"}],"collection":[{"href":"https:\/\/www.autohaus-nyga.de\/index.php?rest_route=\/wp\/v2\/pages"}],"about":[{"href":"https:\/\/www.autohaus-nyga.de\/index.php?rest_route=\/wp\/v2\/types\/page"}],"author":[{"embeddable":true,"href":"https:\/\/www.autohaus-nyga.de\/index.php?rest_route=\/wp\/v2\/users\/1"}],"replies":[{"embeddable":true,"href":"https:\/\/www.autohaus-nyga.de\/index.php?rest_route=%2Fwp%2Fv2%2Fcomments&post=11"}],"version-history":[{"count":22,"href":"https:\/\/www.autohaus-nyga.de\/index.php?rest_route=\/wp\/v2\/pages\/11\/revisions"}],"predecessor-version":[{"id":306,"href":"https:\/\/www.autohaus-nyga.de\/index.php?rest_route=\/wp\/v2\/pages\/11\/revisions\/306"}],"wp:attachment":[{"href":"https:\/\/www.autohaus-nyga.de\/index.php?rest_route=%2Fwp%2Fv2%2Fmedia&parent=11"}],"curies":[{"name":"wp","href":"https:\/\/api.w.org\/{rel}","templated":true}]}}